{"id":287,"date":"2020-07-09T15:38:49","date_gmt":"2020-07-09T18:38:49","guid":{"rendered":"https:\/\/luzsolardosertao.com.br\/?page_id=287"},"modified":"2021-10-21T08:39:56","modified_gmt":"2021-10-21T11:39:56","slug":"manutencao-de-instalacoes-e-equipamentos-de-energia-solar","status":"publish","type":"page","link":"https:\/\/luzsolardosertao.com.br\/site\/manutencao-de-instalacoes-e-equipamentos-de-energia-solar\/","title":{"rendered":"MANUTEN\u00c7\u00c3O DE INSTALA\u00c7\u00d5ES E EQUIPAMENTOS"},"content":{"rendered":"","protected":false},"excerpt":{"rendered":"","protected":false},"author":2,"featured_media":0,"parent":0,"menu_order":0,"comment_status":"closed","ping_status":"closed","template":"","meta":{"_seopress_robots_primary_cat":"","_seopress_titles_title":"","_seopress_titles_desc":"","_seopress_robots_index":"","footnotes":""},"class_list":["post-287","page","type-page","status-publish","hentry"],"_links":{"self":[{"href":"https:\/\/luzsolardosertao.com.br\/site\/wp-json\/wp\/v2\/pages\/287"}],"collection":[{"href":"https:\/\/luzsolardosertao.com.br\/site\/wp-json\/wp\/v2\/pages"}],"about":[{"href":"https:\/\/luzsolardosertao.com.br\/site\/wp-json\/wp\/v2\/types\/page"}],"author":[{"embeddable":true,"href":"https:\/\/luzsolardosertao.com.br\/site\/wp-json\/wp\/v2\/users\/2"}],"replies":[{"embeddable":true,"href":"https:\/\/luzsolardosertao.com.br\/site\/wp-json\/wp\/v2\/comments?post=287"}],"version-history":[{"count":0,"href":"https:\/\/luzsolardosertao.com.br\/site\/wp-json\/wp\/v2\/pages\/287\/revisions"}],"wp:attachment":[{"href":"https:\/\/luzsolardosertao.com.br\/site\/wp-json\/wp\/v2\/media?parent=287"}],"curies":[{"name":"wp","href":"https:\/\/api.w.org\/{rel}","templated":true}]}}